{"id":3217,"date":"2025-10-22T11:01:37","date_gmt":"2025-10-22T11:01:37","guid":{"rendered":"https:\/\/leprofit.ee\/?post_type=product&#038;p=3217"},"modified":"2025-11-07T01:04:17","modified_gmt":"2025-11-07T01:04:17","slug":"valkstart-kinnisvaras","status":"publish","type":"product","link":"https:\/\/leprofit.ee\/en\/toode\/koolitused\/valkstart-kinnisvaras\/","title":{"rendered":"V\u00e4lkstart kinnisvaras"},"content":{"rendered":"<p>Kas soovid kinnisvaras p\u00e4riselt alustada, mitte ainult unistada sellest?<br data-start=\"469\" data-end=\"472\" \/>V\u00c4LKSTART KINNISVARAS on praktiline ja tulemustele suunatud 1-p\u00e4evane koolitus, kus sa ei kuula lihtsalt loengut, vaid paned oma kinnisvarakarj\u00e4\u00e4rile reaalselt k\u00e4igu sisse. See on p\u00e4ev, mil teooria ja tegevus saavad kokku \u2013 juba koolituse k\u00e4igus teed oma esimese m\u00fc\u00fcgisammu ja lahkud kindla tegevusplaaniga j\u00e4rgmiseks 30 p\u00e4evaks.<\/p>\n<h2>Mida koolitus annab?<\/h2>\n<h4 data-start=\"836\" data-end=\"863\">P\u00e4rast koolitust osaleja:<\/h4>\n<ul>\n<li data-start=\"866\" data-end=\"936\">teab, kust leida esimesed kliendid ja kuidas nendega kontakti saada;<\/li>\n<li data-start=\"866\" data-end=\"936\">oskab alustada m\u00fc\u00fcjate ja ostjatega koost\u00f6\u00f6d praktilisel ja toimival viisil;<\/li>\n<li data-start=\"866\" data-end=\"936\">m\u00f5istab s\u00fcsteemi <em data-start=\"1037\" data-end=\"1062\">vihje \u2192 leping \u2192 tehing<\/em>;<\/li>\n<li data-start=\"866\" data-end=\"936\">omab selget tegevusplaani j\u00e4rgmiseks 30 p\u00e4evaks;<\/li>\n<li data-start=\"866\" data-end=\"936\">on juba koolituse k\u00e4igus teinud oma esimese p\u00e4ris m\u00fc\u00fcgisammu.<\/li>\n<\/ul>\n<p>See ei ole motivatsioonip\u00e4ev ega kuiv teooria \u2013 see on <strong style=\"font-size: 16px;\" data-start=\"1241\" data-end=\"1272\">praktiline k\u00e4ivitusprogramm<\/strong><span style=\"font-size: 16px;\">, mis aitab sul kohe tegutsema hakata.<\/span><\/p>\n<h2>Kellele?<\/h2>\n<ul>\n<li>uued inimesed, kes soovivad alustada kinnisvaramaaklerina<\/li>\n<li>maaklerid, kes on m\u00f5nda aega seisnud ja vajavad restarti<\/li>\n<li>k\u00f5ik, kes tahavad j\u00f5uda esimeste(te) lepingute ja tehinguteni<\/li>\n<\/ul>\n<h3>Koolituse info:<\/h3>\n<ul>\n<li>Asukoht: J\u00f5e 2a, Tallinn<\/li>\n<li>Kuup\u00e4ev: 11. november 2025<\/li>\n<li>Aeg: 10:00\u201317:00<\/li>\n<li>Hind EARLY BIRD <strong>147\u20ac (kehtib kuni 06.11.2025)<\/strong><\/li>\n<li>Tavahind <strong>211\u20ac<\/strong><\/li>\n<\/ul>\n<p>Kursuse saad osta vajutades nupule &#8220;broneeri&#8221; v\u00f5i registreerides aadressil\u00a0<a href=\"mailtop:info@leprofit.ee\">info@leprofit.ee<\/a>, peale mida saadame arve. Kui sul on k\u00fcsimusi, siis helista julgelt\u00a0<strong>+372\u00a0<a href=\"tel:5076622\">502 9753<\/a><\/strong>!<\/p>\n<p><strong>\ud83c\udfaf Kindlusta oma koht juba t\u00e4na!<\/strong><\/p>\n<p>Kui sul on k\u00fcsimusi, kirjuta <a href=\"mailto:info@leprofit.ee\">info@leprofit.ee<\/a><\/p>\n","protected":false},"excerpt":{"rendered":"<p>T\u00e4nases kinnisvaraturu tihedas konkurentsis ei piisa ainult heast teenusest \u2013 oluline on osata n\u00e4htavaks saada ja kliendi jaoks eristuda. Klientide usaldus ja valik s\u00fcnnib s\u00f5numitest, mis k\u00f5netavad. Just seet\u00f5ttu on oluline m\u00f5ista, kuidas oma tugevusi esile tuua ja luua v\u00e4\u00e4rtuspakkumine, mis t\u00f5stab Sind esile teiste hulgast.<\/p>\n","protected":false},"featured_media":3223,"template":"","meta":{"_acf_changed":false,"site-sidebar-layout":"default","site-content-layout":"default","ast-site-content-layout":"default","site-content-style":"default","site-sidebar-style":"default","ast-global-header-display":"","ast-banner-title-visibility":"","ast-main-header-display":"","ast-hfb-above-header-display":"","ast-hfb-below-header-display":"","ast-hfb-mobile-header-display":"","site-post-title":"","ast-breadcrumbs-content":"","ast-featured-img":"","footer-sml-layout":"","theme-transparent-header-meta":"default","adv-header-id-meta":"","stick-header-meta":"","header-above-stick-meta":"","header-main-stick-meta":"","header-below-stick-meta":"","astra-migrate-meta-layouts":"set","ast-page-background-enabled":"default","ast-page-background-meta":{"desktop":{"background-color":"var(--ast-global-color-4)","background-image":"","background-repeat":"repeat","background-position":"center center","background-size":"auto","background-attachment":"scroll","background-type":"","background-media":"","overlay-type":"","overlay-color":"","overlay-opacity":"","overlay-gradient":""},"tablet":{"background-color":"","background-image":"","background-repeat":"repeat","background-position":"center center","background-size":"auto","background-attachment":"scroll","background-type":"","background-media":"","overlay-type":"","overlay-color":"","overlay-opacity":"","overlay-gradient":""},"mobile":{"background-color":"","background-image":"","background-repeat":"repeat","background-position":"center center","background-size":"auto","background-attachment":"scroll","background-type":"","background-media":"","overlay-type":"","overlay-color":"","overlay-opacity":"","overlay-gradient":""}},"ast-content-background-meta":{"desktop":{"background-color":"var(--ast-global-color-5)","background-image":"","background-repeat":"repeat","background-position":"center center","background-size":"auto","background-attachment":"scroll","background-type":"","background-media":"","overlay-type":"","overlay-color":"","overlay-opacity":"","overlay-gradient":""},"tablet":{"background-color":"var(--ast-global-color-5)","background-image":"","background-repeat":"repeat","background-position":"center center","background-size":"auto","background-attachment":"scroll","background-type":"","background-media":"","overlay-type":"","overlay-color":"","overlay-opacity":"","overlay-gradient":""},"mobile":{"background-color":"var(--ast-global-color-5)","background-image":"","background-repeat":"repeat","background-position":"center center","background-size":"auto","background-attachment":"scroll","background-type":"","background-media":"","overlay-type":"","overlay-color":"","overlay-opacity":"","overlay-gradient":""}}},"product_brand":[],"product_cat":[31],"product_tag":[],"class_list":{"0":"post-3217","1":"product","2":"type-product","3":"status-publish","4":"has-post-thumbnail","6":"product_cat-koolitused","7":"desktop-align-left","8":"tablet-align-left","9":"mobile-align-left","11":"first","12":"instock","13":"purchasable","14":"product-type-simple"},"acf":[],"yoast_head":"<!-- This site is optimized with the Yoast SEO plugin v25.6 - https:\/\/yoast.com\/wordpress\/plugins\/seo\/ -->\n<title>V\u00e4lkstart kinnisvaras - Leprofit<\/title>\n<meta name=\"description\" content=\"Osale 06.novembri V\u00e4lstart kinnisvaras koolitusel ja pane oma kinnisvarakarj\u00e4\u00e4rile reaalselt k\u00e4ik sisse ja tee esimese m\u00fc\u00fcgitegevus KOHA PEAL.\" \/>\n<meta name=\"robots\" content=\"index, follow, max-snippet:-1, max-image-preview:large, max-video-preview:-1\" \/>\n<link rel=\"canonical\" href=\"https:\/\/leprofit.ee\/toode\/koolitused\/valkstart-kinnisvaras\/\" \/>\n<meta property=\"og:locale\" content=\"en_US\" \/>\n<meta property=\"og:type\" content=\"article\" \/>\n<meta property=\"og:title\" content=\"V\u00e4lkstart kinnisvaras - Leprofit\" \/>\n<meta property=\"og:description\" content=\"Osale 06.novembri V\u00e4lstart kinnisvaras koolitusel ja pane oma kinnisvarakarj\u00e4\u00e4rile reaalselt k\u00e4ik sisse ja tee esimese m\u00fc\u00fcgitegevus KOHA PEAL.\" \/>\n<meta property=\"og:url\" content=\"https:\/\/leprofit.ee\/toode\/koolitused\/valkstart-kinnisvaras\/\" \/>\n<meta property=\"og:site_name\" content=\"Leprofit\" \/>\n<meta property=\"article:publisher\" content=\"https:\/\/www.facebook.com\/leprofit\" \/>\n<meta property=\"article:modified_time\" content=\"2025-11-07T01:04:17+00:00\" \/>\n<meta property=\"og:image\" content=\"https:\/\/leprofit.ee\/wp-content\/uploads\/2025\/10\/Leprofit-reklaam-1024x1024.png\" \/>\n\t<meta property=\"og:image:width\" content=\"1024\" \/>\n\t<meta property=\"og:image:height\" content=\"1024\" \/>\n\t<meta property=\"og:image:type\" content=\"image\/png\" \/>\n<meta name=\"twitter:card\" content=\"summary_large_image\" \/>\n<meta name=\"twitter:label1\" content=\"Est. reading time\" \/>\n\t<meta name=\"twitter:data1\" content=\"2 minutes\" \/>\n<script type=\"application\/ld+json\" class=\"yoast-schema-graph\">{\"@context\":\"https:\/\/schema.org\",\"@graph\":[{\"@type\":\"WebPage\",\"@id\":\"https:\/\/leprofit.ee\/toode\/koolitused\/valkstart-kinnisvaras\/\",\"url\":\"https:\/\/leprofit.ee\/toode\/koolitused\/valkstart-kinnisvaras\/\",\"name\":\"V\u00e4lkstart kinnisvaras - Leprofit\",\"isPartOf\":{\"@id\":\"https:\/\/leprofit.ee\/#website\"},\"primaryImageOfPage\":{\"@id\":\"https:\/\/leprofit.ee\/toode\/koolitused\/valkstart-kinnisvaras\/#primaryimage\"},\"image\":{\"@id\":\"https:\/\/leprofit.ee\/toode\/koolitused\/valkstart-kinnisvaras\/#primaryimage\"},\"thumbnailUrl\":\"https:\/\/leprofit.ee\/wp-content\/uploads\/2025\/10\/Leprofit-reklaam.png\",\"datePublished\":\"2025-10-22T11:01:37+00:00\",\"dateModified\":\"2025-11-07T01:04:17+00:00\",\"description\":\"Osale 06.novembri V\u00e4lstart kinnisvaras koolitusel ja pane oma kinnisvarakarj\u00e4\u00e4rile reaalselt k\u00e4ik sisse ja tee esimese m\u00fc\u00fcgitegevus KOHA PEAL.\",\"breadcrumb\":{\"@id\":\"https:\/\/leprofit.ee\/toode\/koolitused\/valkstart-kinnisvaras\/#breadcrumb\"},\"inLanguage\":\"en-US\",\"potentialAction\":[{\"@type\":\"ReadAction\",\"target\":[\"https:\/\/leprofit.ee\/toode\/koolitused\/valkstart-kinnisvaras\/\"]}]},{\"@type\":\"ImageObject\",\"inLanguage\":\"en-US\",\"@id\":\"https:\/\/leprofit.ee\/toode\/koolitused\/valkstart-kinnisvaras\/#primaryimage\",\"url\":\"https:\/\/leprofit.ee\/wp-content\/uploads\/2025\/10\/Leprofit-reklaam.png\",\"contentUrl\":\"https:\/\/leprofit.ee\/wp-content\/uploads\/2025\/10\/Leprofit-reklaam.png\",\"width\":2160,\"height\":2160},{\"@type\":\"BreadcrumbList\",\"@id\":\"https:\/\/leprofit.ee\/toode\/koolitused\/valkstart-kinnisvaras\/#breadcrumb\",\"itemListElement\":[{\"@type\":\"ListItem\",\"position\":1,\"name\":\"Home\",\"item\":\"https:\/\/leprofit.ee\/en\/\"},{\"@type\":\"ListItem\",\"position\":2,\"name\":\"Tooted\",\"item\":\"https:\/\/leprofit.ee\/tooted\/\"},{\"@type\":\"ListItem\",\"position\":3,\"name\":\"V\u00e4lkstart kinnisvaras\"}]},{\"@type\":\"WebSite\",\"@id\":\"https:\/\/leprofit.ee\/#website\",\"url\":\"https:\/\/leprofit.ee\/\",\"name\":\"Leprofit\",\"description\":\"Juhtimine\/ M\u00fc\u00fck\/ Kinnisvara\/ Klienditeenindus\",\"publisher\":{\"@id\":\"https:\/\/leprofit.ee\/#organization\"},\"potentialAction\":[{\"@type\":\"SearchAction\",\"target\":{\"@type\":\"EntryPoint\",\"urlTemplate\":\"https:\/\/leprofit.ee\/?s={search_term_string}\"},\"query-input\":{\"@type\":\"PropertyValueSpecification\",\"valueRequired\":true,\"valueName\":\"search_term_string\"}}],\"inLanguage\":\"en-US\"},{\"@type\":\"Organization\",\"@id\":\"https:\/\/leprofit.ee\/#organization\",\"name\":\"Leprofit\",\"url\":\"https:\/\/leprofit.ee\/\",\"logo\":{\"@type\":\"ImageObject\",\"inLanguage\":\"en-US\",\"@id\":\"https:\/\/leprofit.ee\/#\/schema\/logo\/image\/\",\"url\":\"https:\/\/leprofit.ee\/wp-content\/uploads\/2023\/03\/LeProfit-logo.svg\",\"contentUrl\":\"https:\/\/leprofit.ee\/wp-content\/uploads\/2023\/03\/LeProfit-logo.svg\",\"width\":1176,\"height\":412,\"caption\":\"Leprofit\"},\"image\":{\"@id\":\"https:\/\/leprofit.ee\/#\/schema\/logo\/image\/\"},\"sameAs\":[\"https:\/\/www.facebook.com\/leprofit\",\"https:\/\/www.instagram.com\/leprofitcoaching\/\"]}]}<\/script>\n<!-- \/ Yoast SEO plugin. -->","yoast_head_json":{"title":"V\u00e4lkstart kinnisvaras - Leprofit","description":"Osale 06.novembri V\u00e4lstart kinnisvaras koolitusel ja pane oma kinnisvarakarj\u00e4\u00e4rile reaalselt k\u00e4ik sisse ja tee esimese m\u00fc\u00fcgitegevus KOHA PEAL.","robots":{"index":"index","follow":"follow","max-snippet":"max-snippet:-1","max-image-preview":"max-image-preview:large","max-video-preview":"max-video-preview:-1"},"canonical":"https:\/\/leprofit.ee\/toode\/koolitused\/valkstart-kinnisvaras\/","og_locale":"en_US","og_type":"article","og_title":"V\u00e4lkstart kinnisvaras - Leprofit","og_description":"Osale 06.novembri V\u00e4lstart kinnisvaras koolitusel ja pane oma kinnisvarakarj\u00e4\u00e4rile reaalselt k\u00e4ik sisse ja tee esimese m\u00fc\u00fcgitegevus KOHA PEAL.","og_url":"https:\/\/leprofit.ee\/toode\/koolitused\/valkstart-kinnisvaras\/","og_site_name":"Leprofit","article_publisher":"https:\/\/www.facebook.com\/leprofit","article_modified_time":"2025-11-07T01:04:17+00:00","og_image":[{"width":1024,"height":1024,"url":"https:\/\/leprofit.ee\/wp-content\/uploads\/2025\/10\/Leprofit-reklaam-1024x1024.png","type":"image\/png"}],"twitter_card":"summary_large_image","twitter_misc":{"Est. reading time":"2 minutes"},"schema":{"@context":"https:\/\/schema.org","@graph":[{"@type":"WebPage","@id":"https:\/\/leprofit.ee\/toode\/koolitused\/valkstart-kinnisvaras\/","url":"https:\/\/leprofit.ee\/toode\/koolitused\/valkstart-kinnisvaras\/","name":"V\u00e4lkstart kinnisvaras - Leprofit","isPartOf":{"@id":"https:\/\/leprofit.ee\/#website"},"primaryImageOfPage":{"@id":"https:\/\/leprofit.ee\/toode\/koolitused\/valkstart-kinnisvaras\/#primaryimage"},"image":{"@id":"https:\/\/leprofit.ee\/toode\/koolitused\/valkstart-kinnisvaras\/#primaryimage"},"thumbnailUrl":"https:\/\/leprofit.ee\/wp-content\/uploads\/2025\/10\/Leprofit-reklaam.png","datePublished":"2025-10-22T11:01:37+00:00","dateModified":"2025-11-07T01:04:17+00:00","description":"Osale 06.novembri V\u00e4lstart kinnisvaras koolitusel ja pane oma kinnisvarakarj\u00e4\u00e4rile reaalselt k\u00e4ik sisse ja tee esimese m\u00fc\u00fcgitegevus KOHA PEAL.","breadcrumb":{"@id":"https:\/\/leprofit.ee\/toode\/koolitused\/valkstart-kinnisvaras\/#breadcrumb"},"inLanguage":"en-US","potentialAction":[{"@type":"ReadAction","target":["https:\/\/leprofit.ee\/toode\/koolitused\/valkstart-kinnisvaras\/"]}]},{"@type":"ImageObject","inLanguage":"en-US","@id":"https:\/\/leprofit.ee\/toode\/koolitused\/valkstart-kinnisvaras\/#primaryimage","url":"https:\/\/leprofit.ee\/wp-content\/uploads\/2025\/10\/Leprofit-reklaam.png","contentUrl":"https:\/\/leprofit.ee\/wp-content\/uploads\/2025\/10\/Leprofit-reklaam.png","width":2160,"height":2160},{"@type":"BreadcrumbList","@id":"https:\/\/leprofit.ee\/toode\/koolitused\/valkstart-kinnisvaras\/#breadcrumb","itemListElement":[{"@type":"ListItem","position":1,"name":"Home","item":"https:\/\/leprofit.ee\/en\/"},{"@type":"ListItem","position":2,"name":"Tooted","item":"https:\/\/leprofit.ee\/tooted\/"},{"@type":"ListItem","position":3,"name":"V\u00e4lkstart kinnisvaras"}]},{"@type":"WebSite","@id":"https:\/\/leprofit.ee\/#website","url":"https:\/\/leprofit.ee\/","name":"Leprofit","description":"Juhtimine\/ M\u00fc\u00fck\/ Kinnisvara\/ Klienditeenindus","publisher":{"@id":"https:\/\/leprofit.ee\/#organization"},"potentialAction":[{"@type":"SearchAction","target":{"@type":"EntryPoint","urlTemplate":"https:\/\/leprofit.ee\/?s={search_term_string}"},"query-input":{"@type":"PropertyValueSpecification","valueRequired":true,"valueName":"search_term_string"}}],"inLanguage":"en-US"},{"@type":"Organization","@id":"https:\/\/leprofit.ee\/#organization","name":"Leprofit","url":"https:\/\/leprofit.ee\/","logo":{"@type":"ImageObject","inLanguage":"en-US","@id":"https:\/\/leprofit.ee\/#\/schema\/logo\/image\/","url":"https:\/\/leprofit.ee\/wp-content\/uploads\/2023\/03\/LeProfit-logo.svg","contentUrl":"https:\/\/leprofit.ee\/wp-content\/uploads\/2023\/03\/LeProfit-logo.svg","width":1176,"height":412,"caption":"Leprofit"},"image":{"@id":"https:\/\/leprofit.ee\/#\/schema\/logo\/image\/"},"sameAs":["https:\/\/www.facebook.com\/leprofit","https:\/\/www.instagram.com\/leprofitcoaching\/"]}]}},"_links":{"self":[{"href":"https:\/\/leprofit.ee\/en\/wp-json\/wp\/v2\/product\/3217"}],"collection":[{"href":"https:\/\/leprofit.ee\/en\/wp-json\/wp\/v2\/product"}],"about":[{"href":"https:\/\/leprofit.ee\/en\/wp-json\/wp\/v2\/types\/product"}],"wp:featuredmedia":[{"embeddable":true,"href":"https:\/\/leprofit.ee\/en\/wp-json\/wp\/v2\/media\/3223"}],"wp:attachment":[{"href":"https:\/\/leprofit.ee\/en\/wp-json\/wp\/v2\/media?parent=3217"}],"wp:term":[{"taxonomy":"product_brand","embeddable":true,"href":"https:\/\/leprofit.ee\/en\/wp-json\/wp\/v2\/product_brand?post=3217"},{"taxonomy":"product_cat","embeddable":true,"href":"https:\/\/leprofit.ee\/en\/wp-json\/wp\/v2\/product_cat?post=3217"},{"taxonomy":"product_tag","embeddable":true,"href":"https:\/\/leprofit.ee\/en\/wp-json\/wp\/v2\/product_tag?post=3217"}],"curies":[{"name":"wp","href":"https:\/\/api.w.org\/{rel}","templated":true}]}}